{"id":191,"date":"2019-05-15T19:22:47","date_gmt":"2019-05-15T19:22:47","guid":{"rendered":"http:\/\/felipediving.com\/v2\/?page_id=191"},"modified":"2019-06-20T02:18:46","modified_gmt":"2019-06-20T02:18:46","slug":"providencia-y-santa-catalina-islas","status":"publish","type":"page","link":"https:\/\/felipedivingshop.com\/es\/providencia-y-santa-catalina-islas\/","title":{"rendered":"Providencia y Santa Catalina Islas"},"content":{"rendered":"\n<h2 class=\"cursive_title wp-block-heading\">El tesoro escondido del caribe occidental<\/h2>\n\n\n\n<h4 class=\"wp-block-heading\"><\/h4>\n\n\n\n<p>\u201cUn para\u00edso desconocido por muchos pero valorado por todos aquellos que han disfrutado de este tesoro escondido\u201d. Posee una riqueza y belleza ex\u00f3tica natural \u00fanicas en el Caribe. Reconocidas por la UNESCO en el a\u00f1o 2000 como \u201cRESERVA BIOSFERA SEA FLOWER\u201d por su barrera coralina que rodea la isla con una longitud aproximada de 32 Kms y cubre una extensi\u00f3n de 255 Kms2 haci\u00e9ndola el tercer arrecife mas grande del mundo y el segundo en el caribe. En 2005 fue declarada como un AREA PROTEGIDA DE USO M\u00daLTIPLE MASIVO (MAP).<\/p>\n\n\n<div class=\"n2-section-smartslider fitvidsignore \" data-ssid=\"12\" tabindex=\"0\" role=\"region\" aria-label=\"Slider\"><div id=\"n2-ss-12-align\" class=\"n2-ss-align\"><div class=\"n2-padding\"><div id=\"n2-ss-12\" data-creator=\"Smart Slider 3\" data-responsive=\"auto\" class=\"n2-ss-slider n2-ow n2-has-hover n2notransition  \">\n\n\n\n\n\n<div class=\"n2-ss-slider-wrapper-outside\" style=\"grid-template-rows:1fr auto\"><div class=\"n2-ss-slider-wrapper-inside\">\n        <div class=\"n2-ss-slider-1 n2_ss__touch_element n2-ow\">\n            <div class=\"n2-ss-slider-2 n2-ow\">\n                                                <div class=\"n2-ss-slider-3 n2-ow\">\n\n                    <div class=\"n2-ss-slide-backgrounds n2-ow-all\"><div class=\"n2-ss-slide-background\" data-public-id=\"1\" data-mode=\"fill\"><div class=\"n2-ss-slide-background-image\" data-blur=\"0\" data-opacity=\"100\" data-x=\"50\" data-y=\"50\" data-alt=\"\" data-title=\"\"><picture class=\"skip-lazy\" data-skip-lazy=\"1\"><img decoding=\"async\" src=\"\/\/felipedivingshop.com\/wp-content\/uploads\/2019\/05\/bd8d2fc5ef41146bd9eb22791456fd13.jpg\" alt=\"\" title=\"\" loading=\"lazy\" class=\"skip-lazy\" data-skip-lazy=\"1\"><\/picture><\/div><div data-color=\"RGBA(255,255,255,0)\" style=\"background-color: RGBA(255,255,255,0);\" class=\"n2-ss-slide-background-color\"><\/div><\/div><div class=\"n2-ss-slide-background\" data-public-id=\"2\" data-mode=\"fill\"><div class=\"n2-ss-slide-background-image\" data-blur=\"0\" data-opacity=\"100\" data-x=\"50\" data-y=\"50\" data-alt=\"\" data-title=\"\"><picture class=\"skip-lazy\" data-skip-lazy=\"1\"><img decoding=\"async\" src=\"\/\/felipedivingshop.com\/wp-content\/uploads\/2019\/05\/50cd74b07ee9e8e3d3457e679db69dab.jpg\" alt=\"\" title=\"\" loading=\"lazy\" class=\"skip-lazy\" data-skip-lazy=\"1\"><\/picture><\/div><div data-color=\"RGBA(255,255,255,0)\" style=\"background-color: RGBA(255,255,255,0);\" class=\"n2-ss-slide-background-color\"><\/div><\/div><div class=\"n2-ss-slide-background\" data-public-id=\"3\" data-mode=\"fill\"><div class=\"n2-ss-slide-background-image\" data-blur=\"0\" data-opacity=\"100\" data-x=\"50\" data-y=\"50\" data-alt=\"\" data-title=\"\"><picture class=\"skip-lazy\" data-skip-lazy=\"1\"><img decoding=\"async\" src=\"\/\/felipedivingshop.com\/wp-content\/uploads\/2019\/05\/8eb9a3d861b6db86595641d570708557.jpg\" alt=\"\" title=\"\" loading=\"lazy\" class=\"skip-lazy\" data-skip-lazy=\"1\"><\/picture><\/div><div data-color=\"RGBA(255,255,255,0)\" style=\"background-color: RGBA(255,255,255,0);\" class=\"n2-ss-slide-background-color\"><\/div><\/div><\/div>                    <div class=\"n2-ss-slider-4 n2-ow\">\n                        <svg xmlns=\"http:\/\/www.w3.org\/2000\/svg\" viewBox=\"0 0 1200 500\" data-related-device=\"desktopPortrait\" class=\"n2-ow n2-ss-preserve-size n2-ss-preserve-size--slider n2-ss-slide-limiter\"><\/svg><div data-first=\"1\" data-slide-duration=\"0\" data-id=\"21\" data-slide-public-id=\"1\" data-title=\"bd8d2fc5ef41146bd9eb22791456fd13\" class=\"n2-ss-slide n2-ow  n2-ss-slide-21\"><div role=\"note\" class=\"n2-ss-slide--focus\" tabindex=\"-1\">bd8d2fc5ef41146bd9eb22791456fd13<\/div><div class=\"n2-ss-layers-container n2-ss-slide-limiter n2-ow\"><div class=\"n2-ss-layer n2-ow n-uc-nAXr55jWxOON\" data-sstype=\"slide\" data-pm=\"default\"><\/div><\/div><\/div><div data-slide-duration=\"0\" data-id=\"22\" data-slide-public-id=\"2\" data-title=\"50cd74b07ee9e8e3d3457e679db69dab\" class=\"n2-ss-slide n2-ow  n2-ss-slide-22\"><div role=\"note\" class=\"n2-ss-slide--focus\" tabindex=\"-1\">50cd74b07ee9e8e3d3457e679db69dab<\/div><div class=\"n2-ss-layers-container n2-ss-slide-limiter n2-ow\"><div class=\"n2-ss-layer n2-ow n-uc-nVBonUqAqUEB\" data-sstype=\"slide\" data-pm=\"default\"><\/div><\/div><\/div><div data-slide-duration=\"0\" data-id=\"23\" data-slide-public-id=\"3\" data-title=\"8eb9a3d861b6db86595641d570708557\" class=\"n2-ss-slide n2-ow  n2-ss-slide-23\"><div role=\"note\" class=\"n2-ss-slide--focus\" tabindex=\"-1\">8eb9a3d861b6db86595641d570708557<\/div><div class=\"n2-ss-layers-container n2-ss-slide-limiter n2-ow\"><div class=\"n2-ss-layer n2-ow n-uc-iwupx9qg9Nok\" data-sstype=\"slide\" data-pm=\"default\"><\/div><\/div><\/div>                    <\/div>\n\n                                    <\/div>\n            <\/div>\n        <\/div>\n        <div class=\"n2-ss-slider-controls n2-ss-slider-controls-absolute-left-center\"><div style=\"--widget-offset:15px;\" class=\"n2-ss-widget nextend-arrow n2-ow-all nextend-arrow-previous  nextend-arrow-animated-fade\" data-hide-mobileportrait=\"1\" id=\"n2-ss-12-arrow-previous\" role=\"button\" aria-label=\"previous arrow\" tabindex=\"0\"><img decoding=\"async\" loading=\"lazy\" width=\"32\" height=\"32\" class=\"skip-lazy\" data-skip-lazy=\"1\" src=\"data:image\/svg+xml;base64,PHN2ZyB3aWR0aD0iMzIiIGhlaWdodD0iMzIiIHZpZXdCb3g9IjAgMCAzMiAzMiIgeG1sbnM9Imh0dHA6Ly93d3cudzMub3JnLzIwMDAvc3ZnIj4KICAgIDxwYXRoIGQ9Ik0xMS40MzMgMTUuOTkyTDIyLjY5IDUuNzEyYy4zOTMtLjM5LjM5My0xLjAzIDAtMS40Mi0uMzkzLS4zOS0xLjAzLS4zOS0xLjQyMyAwbC0xMS45OCAxMC45NGMtLjIxLjIxLS4zLjQ5LS4yODUuNzYtLjAxNS4yOC4wNzUuNTYuMjg0Ljc3bDExLjk4IDEwLjk0Yy4zOTMuMzkgMS4wMy4zOSAxLjQyNCAwIC4zOTMtLjQuMzkzLTEuMDMgMC0xLjQybC0xMS4yNTctMTAuMjkiCiAgICAgICAgICBmaWxsPSIjZmZmZmZmIiBvcGFjaXR5PSIwLjgiIGZpbGwtcnVsZT0iZXZlbm9kZCIvPgo8L3N2Zz4=\" alt=\"previous arrow\"><\/div><\/div><div class=\"n2-ss-slider-controls n2-ss-slider-controls-absolute-right-center\"><div style=\"--widget-offset:15px;\" class=\"n2-ss-widget nextend-arrow n2-ow-all nextend-arrow-next  nextend-arrow-animated-fade\" data-hide-mobileportrait=\"1\" id=\"n2-ss-12-arrow-next\" role=\"button\" aria-label=\"next arrow\" tabindex=\"0\"><img decoding=\"async\" loading=\"lazy\" width=\"32\" height=\"32\" class=\"skip-lazy\" data-skip-lazy=\"1\" src=\"data:image\/svg+xml;base64,PHN2ZyB3aWR0aD0iMzIiIGhlaWdodD0iMzIiIHZpZXdCb3g9IjAgMCAzMiAzMiIgeG1sbnM9Imh0dHA6Ly93d3cudzMub3JnLzIwMDAvc3ZnIj4KICAgIDxwYXRoIGQ9Ik0xMC43MjIgNC4yOTNjLS4zOTQtLjM5LTEuMDMyLS4zOS0xLjQyNyAwLS4zOTMuMzktLjM5MyAxLjAzIDAgMS40MmwxMS4yODMgMTAuMjgtMTEuMjgzIDEwLjI5Yy0uMzkzLjM5LS4zOTMgMS4wMiAwIDEuNDIuMzk1LjM5IDEuMDMzLjM5IDEuNDI3IDBsMTIuMDA3LTEwLjk0Yy4yMS0uMjEuMy0uNDkuMjg0LS43Ny4wMTQtLjI3LS4wNzYtLjU1LS4yODYtLjc2TDEwLjcyIDQuMjkzeiIKICAgICAgICAgIGZpbGw9IiNmZmZmZmYiIG9wYWNpdHk9IjAuOCIgZmlsbC1ydWxlPSJldmVub2RkIi8+Cjwvc3ZnPg==\" alt=\"next arrow\"><\/div><\/div><\/div><div class=\"n2-ss-slider-controls n2-ss-slider-controls-below\"><div data-width-percent=\"100\" class=\"n2-ss-widget nextend-thumbnail nextend-thumbnail-default nextend-thumbnail-horizontal n2-ow-all\" data-hide-mobileportrait=\"1\" style=\"width:100%;\" data-has-next=\"0\" data-has-previous=\"0\"><div class=\"nextend-thumbnail-inner n2-style-df32cb3742fdac43eb0251df7d67c185-simple \"><div class=\"nextend-thumbnail-scroller n2-align-content-start\" style=\"grid-template-rows:repeat(1, 1fr)\"><div class=\"n2-thumbnail-dot n2-style-462cb0983aca6cda3fc34a0feea6024b-dot \" data-slide-public-id=\"1\" role=\"button\" aria-label=\"bd8d2fc5ef41146bd9eb22791456fd13\" tabindex=\"0\"><picture class=\"skip-lazy\" data-skip-lazy=\"1\"><img decoding=\"async\" alt=\"bd8d2fc5ef41146bd9eb22791456fd13\" src=\"\/\/felipedivingshop.com\/wp-content\/uploads\/2019\/05\/bd8d2fc5ef41146bd9eb22791456fd13.jpg\" width=\"2816\" height=\"2112\" loading=\"lazy\" class=\"skip-lazy\" data-skip-lazy=\"1\" \/><\/picture><\/div><div class=\"n2-thumbnail-dot n2-style-462cb0983aca6cda3fc34a0feea6024b-dot \" data-slide-public-id=\"2\" role=\"button\" aria-label=\"50cd74b07ee9e8e3d3457e679db69dab\" tabindex=\"0\"><picture class=\"skip-lazy\" data-skip-lazy=\"1\"><img decoding=\"async\" alt=\"50cd74b07ee9e8e3d3457e679db69dab\" src=\"\/\/felipedivingshop.com\/wp-content\/uploads\/2019\/05\/50cd74b07ee9e8e3d3457e679db69dab.jpg\" width=\"2272\" height=\"1704\" loading=\"lazy\" class=\"skip-lazy\" data-skip-lazy=\"1\" \/><\/picture><\/div><div class=\"n2-thumbnail-dot n2-style-462cb0983aca6cda3fc34a0feea6024b-dot \" data-slide-public-id=\"3\" role=\"button\" aria-label=\"8eb9a3d861b6db86595641d570708557\" tabindex=\"0\"><picture class=\"skip-lazy\" data-skip-lazy=\"1\"><img decoding=\"async\" alt=\"8eb9a3d861b6db86595641d570708557\" src=\"\/\/felipedivingshop.com\/wp-content\/uploads\/2019\/05\/8eb9a3d861b6db86595641d570708557.jpg\" width=\"3264\" height=\"2448\" loading=\"lazy\" class=\"skip-lazy\" data-skip-lazy=\"1\" \/><\/picture><\/div><\/div><\/div><div class=\"nextend-thumbnail-button nextend-thumbnail-previous\"><img decoding=\"async\" width=\"26\" height=\"26\" style=\"width:26px;transform:rotateZ(-90deg);\" loading=\"lazy\" class=\"skip-lazy\" data-skip-lazy=\"1\" src=\"data:image\/svg+xml;base64,PHN2ZyB3aWR0aD0iMjYiIGhlaWdodD0iMjYiIHhtbG5zPSJodHRwOi8vd3d3LnczLm9yZy8yMDAwL3N2ZyI+CiAgICA8ZyBmaWxsPSJub25lIiBmaWxsLXJ1bGU9ImV2ZW5vZGQiPgogICAgICAgIDxjaXJjbGUgc3Ryb2tlPSIjZmZmIiBzdHJva2Utd2lkdGg9IjIiIG9wYWNpdHk9Ii41IiBmaWxsPSIjMDAwIiBjeD0iMTMiIGN5PSIxMyIgcj0iMTIiLz4KICAgICAgICA8cGF0aCBkPSJNMTMuNDM1IDkuMTc4Yy0uMTI2LS4xMjEtLjI3LS4xODItLjQzNi0uMTgyLS4xNjQgMC0uMzA2LjA2MS0uNDI4LjE4MmwtNC4zOCA0LjE3NWMtLjEyNi4xMjEtLjE4OC4yNjItLjE4OC40MjQgMCAuMTYxLjA2Mi4zMDIuMTg4LjQyM2wuNjUuNjIyYy4xMjYuMTIxLjI3My4xODIuNDQxLjE4Mi4xNyAwIC4zMTQtLjA2MS40MzYtLjE4MmwzLjMxNC0zLjE2MSAzLjI0OSAzLjE2MWMuMTI2LjEyMS4yNjkuMTgyLjQzMi4xODIuMTY0IDAgLjMwNy0uMDYxLjQzMy0uMTgybC42NjItLjYyMmMuMTI2LS4xMjEuMTg5LS4yNjIuMTg5LS40MjMgMC0uMTYyLS4wNjMtLjMwMy0uMTg5LS40MjRsLTQuMzczLTQuMTc1eiIKICAgICAgICAgICAgICBmaWxsPSIjZmZmIi8+CiAgICA8L2c+Cjwvc3ZnPg==\" alt=\"previous arrow\"><\/div><div class=\"nextend-thumbnail-button nextend-thumbnail-next\"><img decoding=\"async\" width=\"26\" height=\"26\" style=\"width:26px;transform:rotateZ(-90deg);\" loading=\"lazy\" class=\"skip-lazy\" data-skip-lazy=\"1\" src=\"data:image\/svg+xml;base64,PHN2ZyB4bWxucz0iaHR0cDovL3d3dy53My5vcmcvMjAwMC9zdmciIHdpZHRoPSIyNiIgaGVpZ2h0PSIyNiI+CiAgICA8ZyBmaWxsPSJub25lIj4KICAgICAgICA8Y2lyY2xlIGN4PSIxMyIgY3k9IjEzIiByPSIxMiIgZmlsbD0iIzAwMCIgc3Ryb2tlPSIjZmZmIiBzdHJva2Utd2lkdGg9IjIiIG9wYWNpdHk9Ii41Ii8+CiAgICAgICAgPHBhdGggZmlsbD0iI2ZmZiIKICAgICAgICAgICAgICBkPSJNMTIuNTY1IDE2LjgyMmMuMTI2LjEyLjI3LjE4Mi40MzYuMTgyLjE2OCAwIC4zMS0uMDYuNDMtLjE4Mmw0LjM4LTQuMTc1Yy4xMjgtLjEyLjE5LS4yNjIuMTktLjQyNCAwLS4xNi0uMDYyLS4zMDItLjE5LS40MjNsLS42NS0uNjIyYy0uMTI1LS4xMi0uMjcyLS4xODItLjQ0LS4xODItLjE3IDAtLjMxNC4wNi0uNDM2LjE4MmwtMy4zMTQgMy4xNi0zLjI1LTMuMTZjLS4xMjYtLjEyLS4yNy0uMTgyLS40My0uMTgyLS4xNjYgMC0uMzEuMDYtLjQzNS4xODJsLS42NjIuNjIyYy0uMTI2LjEyLS4xOS4yNjItLjE5LjQyMyAwIC4xNjIuMDY0LjMwMy4xOS40MjRsNC4zNzMgNC4xNzV6Ii8+CiAgICA8L2c+Cjwvc3ZnPg==\" alt=\"next arrow\"><\/div><\/div><\/div><\/div><\/div><ss3-loader><\/ss3-loader><\/div><\/div><div class=\"n2_clear\"><\/div><\/div>","protected":false},"excerpt":{"rendered":"<p>El tesoro escondido del caribe occidental \u201cUn para\u00edso desconocido por muchos pero valorado por todos aquellos que han disfrutado de este tesoro escondido\u201d. Posee una riqueza y belleza ex\u00f3tica natural \u00fanicas en el Caribe. Reconocidas por la UNESCO en el a\u00f1o 2000 como \u201cRESERVA BIOSFERA SEA FLOWER\u201d por su barrera coralina que rodea la isla [&hellip;]<\/p>\n","protected":false},"author":1,"featured_media":193,"parent":0,"menu_order":0,"comment_status":"closed","ping_status":"closed","template":"","meta":{"_mi_skip_tracking":false,"_monsterinsights_sitenote_active":false,"_monsterinsights_sitenote_note":"","_monsterinsights_sitenote_category":0,"_locale":"es_ES","_original_post":"191"},"acf":[],"yoast_head":"<!-- This site is optimized with the Yoast SEO plugin v20.12 - https:\/\/yoast.com\/wordpress\/plugins\/seo\/ -->\n<title>Providencia y Santa Catalina Islas - Felipe Diving Center<\/title>\n<meta name=\"robots\" content=\"index, follow, max-snippet:-1, max-image-preview:large, max-video-preview:-1\" \/>\n<link rel=\"canonical\" href=\"https:\/\/felipedivingshop.com\/es\/providencia-y-santa-catalina-islas\/\" \/>\n<meta property=\"og:locale\" content=\"es_ES\" \/>\n<meta property=\"og:type\" content=\"article\" \/>\n<meta property=\"og:title\" content=\"Providencia y Santa Catalina Islas - Felipe Diving Center\" \/>\n<meta property=\"og:description\" content=\"El tesoro escondido del caribe occidental \u201cUn para\u00edso desconocido por muchos pero valorado por todos aquellos que han disfrutado de este tesoro escondido\u201d. Posee una riqueza y belleza ex\u00f3tica natural \u00fanicas en el Caribe. Reconocidas por la UNESCO en el a\u00f1o 2000 como \u201cRESERVA BIOSFERA SEA FLOWER\u201d por su barrera coralina que rodea la isla [&hellip;]\" \/>\n<meta property=\"og:url\" content=\"https:\/\/felipedivingshop.com\/es\/providencia-y-santa-catalina-islas\/\" \/>\n<meta property=\"og:site_name\" content=\"Felipe Diving Center\" \/>\n<meta property=\"article:modified_time\" content=\"2019-06-20T02:18:46+00:00\" \/>\n<meta property=\"og:image\" content=\"https:\/\/felipedivingshop.com\/wp-content\/uploads\/2019\/05\/38910f9491042d4f66c219b254803ba4.jpg\" \/>\n\t<meta property=\"og:image:width\" content=\"2592\" \/>\n\t<meta property=\"og:image:height\" content=\"1944\" \/>\n\t<meta property=\"og:image:type\" content=\"image\/jpeg\" \/>\n<meta name=\"twitter:card\" content=\"summary_large_image\" \/>\n<meta name=\"twitter:label1\" content=\"Tiempo de lectura\" \/>\n\t<meta name=\"twitter:data1\" content=\"1 minuto\" \/>\n<script type=\"application\/ld+json\" class=\"yoast-schema-graph\">{\"@context\":\"https:\/\/schema.org\",\"@graph\":[{\"@type\":\"WebPage\",\"@id\":\"https:\/\/felipedivingshop.com\/es\/providencia-y-santa-catalina-islas\/\",\"url\":\"https:\/\/felipedivingshop.com\/es\/providencia-y-santa-catalina-islas\/\",\"name\":\"Providencia y Santa Catalina Islas - Felipe Diving Center\",\"isPartOf\":{\"@id\":\"https:\/\/felipedivingshop.com\/#website\"},\"datePublished\":\"2019-05-15T19:22:47+00:00\",\"dateModified\":\"2019-06-20T02:18:46+00:00\",\"breadcrumb\":{\"@id\":\"https:\/\/felipedivingshop.com\/es\/providencia-y-santa-catalina-islas\/#breadcrumb\"},\"inLanguage\":\"es\",\"potentialAction\":[{\"@type\":\"ReadAction\",\"target\":[\"https:\/\/felipedivingshop.com\/es\/providencia-y-santa-catalina-islas\/\"]}]},{\"@type\":\"BreadcrumbList\",\"@id\":\"https:\/\/felipedivingshop.com\/es\/providencia-y-santa-catalina-islas\/#breadcrumb\",\"itemListElement\":[{\"@type\":\"ListItem\",\"position\":1,\"name\":\"Portada\",\"item\":\"https:\/\/felipedivingshop.com\/es\/\"},{\"@type\":\"ListItem\",\"position\":2,\"name\":\"Providencia y Santa Catalina Islas\"}]},{\"@type\":\"WebSite\",\"@id\":\"https:\/\/felipedivingshop.com\/#website\",\"url\":\"https:\/\/felipedivingshop.com\/\",\"name\":\"Felipe Diving Center\",\"description\":\"\",\"publisher\":{\"@id\":\"https:\/\/felipedivingshop.com\/#organization\"},\"potentialAction\":[{\"@type\":\"SearchAction\",\"target\":{\"@type\":\"EntryPoint\",\"urlTemplate\":\"https:\/\/felipedivingshop.com\/?s={search_term_string}\"},\"query-input\":\"required name=search_term_string\"}],\"inLanguage\":\"es\"},{\"@type\":\"Organization\",\"@id\":\"https:\/\/felipedivingshop.com\/#organization\",\"name\":\"Felipe Diving Center\",\"url\":\"https:\/\/felipedivingshop.com\/\",\"logo\":{\"@type\":\"ImageObject\",\"inLanguage\":\"es\",\"@id\":\"https:\/\/felipedivingshop.com\/#\/schema\/logo\/image\/\",\"url\":\"https:\/\/felipedivingshop.com\/wp-content\/uploads\/2019\/05\/logo_felipe_diving.png\",\"contentUrl\":\"https:\/\/felipedivingshop.com\/wp-content\/uploads\/2019\/05\/logo_felipe_diving.png\",\"width\":220,\"height\":132,\"caption\":\"Felipe Diving Center\"},\"image\":{\"@id\":\"https:\/\/felipedivingshop.com\/#\/schema\/logo\/image\/\"}}]}<\/script>\n<!-- \/ Yoast SEO plugin. -->","yoast_head_json":{"title":"Providencia y Santa Catalina Islas - Felipe Diving Center","robots":{"index":"index","follow":"follow","max-snippet":"max-snippet:-1","max-image-preview":"max-image-preview:large","max-video-preview":"max-video-preview:-1"},"canonical":"https:\/\/felipedivingshop.com\/es\/providencia-y-santa-catalina-islas\/","og_locale":"es_ES","og_type":"article","og_title":"Providencia y Santa Catalina Islas - Felipe Diving Center","og_description":"El tesoro escondido del caribe occidental \u201cUn para\u00edso desconocido por muchos pero valorado por todos aquellos que han disfrutado de este tesoro escondido\u201d. Posee una riqueza y belleza ex\u00f3tica natural \u00fanicas en el Caribe. Reconocidas por la UNESCO en el a\u00f1o 2000 como \u201cRESERVA BIOSFERA SEA FLOWER\u201d por su barrera coralina que rodea la isla [&hellip;]","og_url":"https:\/\/felipedivingshop.com\/es\/providencia-y-santa-catalina-islas\/","og_site_name":"Felipe Diving Center","article_modified_time":"2019-06-20T02:18:46+00:00","og_image":[{"width":2592,"height":1944,"url":"https:\/\/felipedivingshop.com\/wp-content\/uploads\/2019\/05\/38910f9491042d4f66c219b254803ba4.jpg","type":"image\/jpeg"}],"twitter_card":"summary_large_image","twitter_misc":{"Tiempo de lectura":"1 minuto"},"schema":{"@context":"https:\/\/schema.org","@graph":[{"@type":"WebPage","@id":"https:\/\/felipedivingshop.com\/es\/providencia-y-santa-catalina-islas\/","url":"https:\/\/felipedivingshop.com\/es\/providencia-y-santa-catalina-islas\/","name":"Providencia y Santa Catalina Islas - Felipe Diving Center","isPartOf":{"@id":"https:\/\/felipedivingshop.com\/#website"},"datePublished":"2019-05-15T19:22:47+00:00","dateModified":"2019-06-20T02:18:46+00:00","breadcrumb":{"@id":"https:\/\/felipedivingshop.com\/es\/providencia-y-santa-catalina-islas\/#breadcrumb"},"inLanguage":"es","potentialAction":[{"@type":"ReadAction","target":["https:\/\/felipedivingshop.com\/es\/providencia-y-santa-catalina-islas\/"]}]},{"@type":"BreadcrumbList","@id":"https:\/\/felipedivingshop.com\/es\/providencia-y-santa-catalina-islas\/#breadcrumb","itemListElement":[{"@type":"ListItem","position":1,"name":"Portada","item":"https:\/\/felipedivingshop.com\/es\/"},{"@type":"ListItem","position":2,"name":"Providencia y Santa Catalina Islas"}]},{"@type":"WebSite","@id":"https:\/\/felipedivingshop.com\/#website","url":"https:\/\/felipedivingshop.com\/","name":"Felipe Diving Center","description":"","publisher":{"@id":"https:\/\/felipedivingshop.com\/#organization"},"potentialAction":[{"@type":"SearchAction","target":{"@type":"EntryPoint","urlTemplate":"https:\/\/felipedivingshop.com\/?s={search_term_string}"},"query-input":"required name=search_term_string"}],"inLanguage":"es"},{"@type":"Organization","@id":"https:\/\/felipedivingshop.com\/#organization","name":"Felipe Diving Center","url":"https:\/\/felipedivingshop.com\/","logo":{"@type":"ImageObject","inLanguage":"es","@id":"https:\/\/felipedivingshop.com\/#\/schema\/logo\/image\/","url":"https:\/\/felipedivingshop.com\/wp-content\/uploads\/2019\/05\/logo_felipe_diving.png","contentUrl":"https:\/\/felipedivingshop.com\/wp-content\/uploads\/2019\/05\/logo_felipe_diving.png","width":220,"height":132,"caption":"Felipe Diving Center"},"image":{"@id":"https:\/\/felipedivingshop.com\/#\/schema\/logo\/image\/"}}]}},"_links":{"self":[{"href":"https:\/\/felipedivingshop.com\/wp-json\/wp\/v2\/pages\/191"}],"collection":[{"href":"https:\/\/felipedivingshop.com\/wp-json\/wp\/v2\/pages"}],"about":[{"href":"https:\/\/felipedivingshop.com\/wp-json\/wp\/v2\/types\/page"}],"author":[{"embeddable":true,"href":"https:\/\/felipedivingshop.com\/wp-json\/wp\/v2\/users\/1"}],"replies":[{"embeddable":true,"href":"https:\/\/felipedivingshop.com\/wp-json\/wp\/v2\/comments?post=191"}],"version-history":[{"count":24,"href":"https:\/\/felipedivingshop.com\/wp-json\/wp\/v2\/pages\/191\/revisions"}],"predecessor-version":[{"id":341,"href":"https:\/\/felipedivingshop.com\/wp-json\/wp\/v2\/pages\/191\/revisions\/341"}],"wp:featuredmedia":[{"embeddable":true,"href":"https:\/\/felipedivingshop.com\/wp-json\/wp\/v2\/media\/193"}],"wp:attachment":[{"href":"https:\/\/felipedivingshop.com\/wp-json\/wp\/v2\/media?parent=191"}],"curies":[{"name":"wp","href":"https:\/\/api.w.org\/{rel}","templated":true}]}}